{"id":287,"date":"2024-07-22T10:48:05","date_gmt":"2024-07-22T10:48:05","guid":{"rendered":"https:\/\/www.franesmark.es\/Gruporopasa\/?page_id=287"},"modified":"2024-08-23T07:27:13","modified_gmt":"2024-08-23T07:27:13","slug":"aviso-legal","status":"publish","type":"page","link":"https:\/\/www.franesmark.es\/Gruporopasa\/aviso-legal\/","title":{"rendered":"Aviso Legal"},"content":{"rendered":"\t\t<div data-elementor-type=\"wp-page\" data-elementor-id=\"287\" class=\"elementor elementor-287\">\n\t\t\t\t<div class=\"elementor-element elementor-element-97f96c7 e-flex e-con-boxed e-con e-parent\" data-id=\"97f96c7\" data-element_type=\"container\" data-e-type=\"container\">\n\t\t\t\t\t<div class=\"e-con-inner\">\n\t\t\t\t<div class=\"elementor-element elementor-element-c1202a6 elementor-widget elementor-widget-text-editor\" data-id=\"c1202a6\" data-element_type=\"widget\" data-e-type=\"widget\" data-widget_type=\"text-editor.default\">\n\t\t\t\t<div class=\"elementor-widget-container\">\n\t\t\t\t\t\t\t\t\t<h5>1)\u00a0\u00a0\u00a0\u00a0\u00a0 INFORMACION LEGAL Y ACEPTACI\u00d3N<\/h5><p>Las presentes condiciones generales regulan el uso del sitio web https:\/\/www.gruporopasa.es (en adelante, el \u201csitio web\u201d) que SERVICIOS JUR\u00cdDICOS Y ADMINISTRACI\u00d3N GRUPO ROPASA, S.L., pone a disposici\u00f3n de los usuarios en internet.<\/p><p>Asimismo, es menester rese\u00f1ar que algunos contenidos y servicios que SERVICIOS JUR\u00cdDICOS Y ADMINISTRACI\u00d3N GRUPO ROPASA, S.L., pone a disposici\u00f3n de los usuarios pueden estar sometidos a condiciones particulares que, en su caso, complementen, modifiquen o sustituyan el presente Aviso Legal. Dichas condiciones particulares deber\u00e1n ser expresamente aceptadas por el usuario antes de poder hacer uso de los contenidos o servicios en los que rijan, por cuanto prevalecer\u00e1n en caso de conflicto frente a las presentes condiciones.<\/p><p>El acceso y navegaci\u00f3n por este sitio web atribuye la condici\u00f3n de usuario, e implica la aceptaci\u00f3n expresa y sometimiento a las disposiciones vigentes en cada momento en este apartado. Por lo tanto, el usuario debe leer con atenci\u00f3n el presente Aviso Legal en cada ocasi\u00f3n que acceda y realice uso de este sitio web, por cuanto SERVICIOS JUR\u00cdDICOS Y ADMINISTRACI\u00d3N GRUPO ROPASA, S.L., se reserva el derecho a modificar dichas condiciones generales y particulares cuando sea menester.<\/p><h5>2)\u00a0\u00a0\u00a0\u00a0\u00a0 CONDICIONES DEL USO DEL SITIO WEB<\/h5><h5>2.1.\u00a0\u00a0\u00a0 General<\/h5><p>El usuario declara y acepta que el acceso, navegaci\u00f3n y uso de este sitio web es realizado libremente y bajo su \u00fanica y exclusiva responsabilidad.<\/p><p>El acceso y uso de este sitio web es gratuito, sin perjuicio de los costes por la conexi\u00f3n a internet suministrada por el proveedor de la red de telecomunicaciones contratado por los usuarios.<\/p><p>Todo usuario se obliga a realizar un uso l\u00edcito, diligente y responsable de este sitio web de conformidad con las presentes condiciones generales -y las particulares-, la legalidad vigente, la buena fe y el orden p\u00fablico. El usuario responder\u00e1 frente a SERVICIOS JUR\u00cdDICOS Y ADMINISTRACI\u00d3N GRUPO ROPASA, S.L., y frente a terceros de las eventuales responsabilidades por da\u00f1os y perjuicios derivadas como consecuencia del incumplimiento de esta obligaci\u00f3n.<\/p><h5>2.2.\u00a0\u00a0\u00a0 Contenidos del sitio web<\/h5><p>Los contenidos puestos a disposici\u00f3n de los usuarios por SERVICIOS JUR\u00cdDICOS Y ADMINISTRACI\u00d3N GRUPO ROPASA, S.L., en este sitio web son de elaboraci\u00f3n propia, a partir de fuentes de informaci\u00f3n propias y de terceros.<\/p><p>SERVICIOS JUR\u00cdDICOS Y ADMINISTRACI\u00d3N GRUPO ROPASA, S.L., procura que los contenidos puestos a disposici\u00f3n del usuario sean de la m\u00e1xima calidad posible, veraces y actualizados.<\/p><h5>3)\u00a0\u00a0\u00a0\u00a0\u00a0 EXCLUSI\u00d3N DE RESPONSABILIDAD<\/h5><h5>3.1.\u00a0\u00a0\u00a0 Sobre la informaci\u00f3n<\/h5><p>SERVICIOS JUR\u00cdDICOS Y ADMINISTRACI\u00d3N GRUPO ROPASA, S.L., no se hace responsable de posibles deficiencias que pudieren observarse en los contenidos e informaci\u00f3n de este sitio web, cuando ello no pudiera ser conocido por SERVICIOS JUR\u00cdDICOS Y ADMINISTRACI\u00d3N GRUPO ROPASA, S.L.<\/p><p>La inclusi\u00f3n en este sitio web de contenidos no constituye en modo alguno la prestaci\u00f3n de servicios de asesoramiento profesional y especializado, por cuanto su car\u00e1cter es informativo. El usuario reconoce y acepta que la informaci\u00f3n contenida en este sitio web es insuficiente para realizar una toma de decisiones fundada objetivamente y con suficiencia, por cuanto sus necesidades son personales y dependen de sus circunstancias, y, en consecuencia, no pueden ser atendidas a trav\u00e9s de contenidos que lo que pretenden es enunciativamente informar al consumidor sobre las capacidades de SERVICIOS JUR\u00cdDICOS Y ADMINISTRACI\u00d3N GRUPO ROPASA, S.L.<\/p><p>Por todo cuanto antecede, SERVICIOS JUR\u00cdDICOS Y ADMINISTRACI\u00d3N GRUPO ROPASA, S.L., desaconseja la toma de decisi\u00f3n fundada en la informaci\u00f3n suministrada en este sitio web de forma exclusiva y excluyente, sin antes obtener un asesoramiento profesional adecuado.<\/p><h5>3.2.\u00a0\u00a0\u00a0 Sobre la calidad en el servicio<\/h5><p>SERVICIOS JUR\u00cdDICOS Y ADMINISTRACI\u00d3N GRUPO ROPASA, S.L. adopta medidas de seguridad razonablemente adecuadas para detectar la existencia de virus y elementos inform\u00e1ticos da\u00f1inos. No obstante lo anterior, ello no implica la obligaci\u00f3n por parte de SERVICIOS JUR\u00cdDICOS Y ADMINISTRACI\u00d3N GRUPO ROPASA, S.L. de controlar la ausencia de estos elementos inform\u00e1ticos da\u00f1inos, siendo, en todo caso, por cuenta del usuario el deber de disponer de los medios y herramientas necesarios para la detecci\u00f3n precoz y remonici\u00f3n de dichos elementos inform\u00e1ticos da\u00f1inos.<\/p><p>Asimismo, SERVICIOS JUR\u00cdDICOS Y ADMINISTRACI\u00d3N GRUPO ROPASA, S.L., no se responsabiliza de los da\u00f1os y perjuicios que pudieren de producirse en los equipos inform\u00e1ticos de los usuarios durante el acceso, navegaci\u00f3n y uso de este sitio web o de sus servicios.<\/p><p>SERVICIOS JUR\u00cdDICOS Y ADMINISTRACI\u00d3N GRUPO ROPASA, S.L., no otorga ninguna garant\u00eda ni se hace responsable de los usos il\u00edcitos, negligentes, fraudulentos o contrarios a las disposiciones contenidas en el presente Aviso legal, la legalidad vigente, la buena fe y el orden p\u00fablico por parte de los usuarios.<\/p><h5>3.3.\u00a0\u00a0\u00a0 Sobre la disponibilidad del servicio<\/h5><p>El funcionamiento de este sitio web requiere de servicios y suministros de soporte por parte de terceros cuya fiabilidad, calidad, continuidad y funcionamiento en la prestaci\u00f3n son ajenos a SERVICIOS JUR\u00cdDICOS Y ADMINISTRACI\u00d3N GRUPO ROPASA, S.L. Por consiguiente, los da\u00f1os y perjuicios ocasionados a los usuarios a causa de desconexiones, fallos inform\u00e1ticos u otras deficiencias electr\u00f3nicas que imposibiliten total o parcialmente el acceso, navegaci\u00f3n y uso de todo o parte de este sitio web no ser\u00e1n imputables a SERVICIOS JUR\u00cdDICOS Y ADMINISTRACI\u00d3N GRUPO ROPASA, S.L. en ning\u00fan caso.<\/p><h5>4)\u00a0\u00a0\u00a0\u00a0\u00a0 DERECHOS DE PROPIEDAD INTELECTUAL E INDUSTRIAL<\/h5><p>Todos los contenidos, informaciones y\/o cualesquiera elementos integrados en este sitio web son propiedad de SERVICIOS JUR\u00cdDICOS Y ADMINISTRACI\u00d3N GRUPO ROPASA, S.L. o de terceros autorizadas.<\/p><p>La utilizaci\u00f3n de este sitio web no implica ni puede entenderse en ning\u00fan caso la cesi\u00f3n en favor del usuario de ninguno de los derechos de propiedad industrial e intelectual de los que dispone SERVICIOS JUR\u00cdDICOS Y ADMINISTRACI\u00d3N GRUPO ROPASA, S.L., quedando expresamente prohibidos la reproducci\u00f3n, transformaci\u00f3n, distribuci\u00f3n, comunicaci\u00f3n p\u00fablica, puesta a disposici\u00f3n, extracci\u00f3n, reutilizaci\u00f3n, reenv\u00edo o la utilizaci\u00f3n de cualquier naturaleza, sin la autorizaci\u00f3n previa y expresa de SERVICIOS JUR\u00cdDICOS Y ADMINISTRACI\u00d3N GRUPO ROPASA, S.L. o del tercero titular de los derechos afectados.<\/p><p>El usuario se compromete a respetar y preservar los derechos de propiedad intelectual e industrial cuya titularidad pertenece a SERVICIOS JUR\u00cdDICOS Y ADMINISTRACI\u00d3N GRUPO ROPASA, S.L. y\/o a terceros autorizados en su sitio web.<\/p><h5>5)\u00a0\u00a0\u00a0\u00a0\u00a0 LEGISLACI\u00d3N Y JURISDICCI\u00d3N COMPETENTE<\/h5><p>El presente aviso legal se rige por la legislaci\u00f3n espa\u00f1ola vigente en cada momento para cualquier conflicto y\/o controversia que pudiera suscitarse sobre el mismo.<\/p>\t\t\t\t\t\t\t\t<\/div>\n\t\t\t\t<\/div>\n\t\t\t\t\t<\/div>\n\t\t\t\t<\/div>\n\t\t\t\t<\/div>\n\t\t","protected":false},"excerpt":{"rendered":"<p>1)\u00a0\u00a0\u00a0\u00a0\u00a0 INFORMACION LEGAL Y ACEPTACI\u00d3N Las presentes condiciones generales regulan el uso del sitio web https:\/\/www.gruporopasa.es (en adelante, el \u201csitio [&hellip;]<\/p>\n","protected":false},"author":2,"featured_media":0,"parent":0,"menu_order":0,"comment_status":"closed","ping_status":"closed","template":"","meta":{"site-sidebar-layout":"default","site-content-layout":"","ast-site-content-layout":"default","site-content-style":"default","site-sidebar-style":"default","ast-global-header-display":"","ast-banner-title-visibility":"","ast-main-header-display":"","ast-hfb-above-header-display":"","ast-hfb-below-header-display":"","ast-hfb-mobile-header-display":"","site-post-title":"disabled","ast-breadcrumbs-content":"","ast-featured-img":"","footer-sml-layout":"","ast-disable-related-posts":"","theme-transparent-header-meta":"","adv-header-id-meta":"","stick-header-meta":"","header-above-stick-meta":"","header-main-stick-meta":"","header-below-stick-meta":"","astra-migrate-meta-layouts":"default","ast-page-background-enabled":"default","ast-page-background-meta":{"desktop":{"background-color":"var(--ast-global-color-4)","background-image":"","background-repeat":"repeat","background-position":"center center","background-size":"auto","background-attachment":"scroll","background-type":"","background-media":"","overlay-type":"","overlay-color":"","overlay-opacity":"","overlay-gradient":""},"tablet":{"background-color":"","background-image":"","background-repeat":"repeat","background-position":"center center","background-size":"auto","background-attachment":"scroll","background-type":"","background-media":"","overlay-type":"","overlay-color":"","overlay-opacity":"","overlay-gradient":""},"mobile":{"background-color":"","background-image":"","background-repeat":"repeat","background-position":"center center","background-size":"auto","background-attachment":"scroll","background-type":"","background-media":"","overlay-type":"","overlay-color":"","overlay-opacity":"","overlay-gradient":""}},"ast-content-background-meta":{"desktop":{"background-color":"var(--ast-global-color-5)","background-image":"","background-repeat":"repeat","background-position":"center center","background-size":"auto","background-attachment":"scroll","background-type":"","background-media":"","overlay-type":"","overlay-color":"","overlay-opacity":"","overlay-gradient":""},"tablet":{"background-color":"var(--ast-global-color-5)","background-image":"","background-repeat":"repeat","background-position":"center center","background-size":"auto","background-attachment":"scroll","background-type":"","background-media":"","overlay-type":"","overlay-color":"","overlay-opacity":"","overlay-gradient":""},"mobile":{"background-color":"var(--ast-global-color-5)","background-image":"","background-repeat":"repeat","background-position":"center center","background-size":"auto","background-attachment":"scroll","background-type":"","background-media":"","overlay-type":"","overlay-color":"","overlay-opacity":"","overlay-gradient":""}},"_joinchat":[],"footnotes":""},"class_list":["post-287","page","type-page","status-publish","hentry"],"_links":{"self":[{"href":"https:\/\/www.franesmark.es\/Gruporopasa\/wp-json\/wp\/v2\/pages\/287","targetHints":{"allow":["GET"]}}],"collection":[{"href":"https:\/\/www.franesmark.es\/Gruporopasa\/wp-json\/wp\/v2\/pages"}],"about":[{"href":"https:\/\/www.franesmark.es\/Gruporopasa\/wp-json\/wp\/v2\/types\/page"}],"author":[{"embeddable":true,"href":"https:\/\/www.franesmark.es\/Gruporopasa\/wp-json\/wp\/v2\/users\/2"}],"replies":[{"embeddable":true,"href":"https:\/\/www.franesmark.es\/Gruporopasa\/wp-json\/wp\/v2\/comments?post=287"}],"version-history":[{"count":7,"href":"https:\/\/www.franesmark.es\/Gruporopasa\/wp-json\/wp\/v2\/pages\/287\/revisions"}],"predecessor-version":[{"id":912,"href":"https:\/\/www.franesmark.es\/Gruporopasa\/wp-json\/wp\/v2\/pages\/287\/revisions\/912"}],"wp:attachment":[{"href":"https:\/\/www.franesmark.es\/Gruporopasa\/wp-json\/wp\/v2\/media?parent=287"}],"curies":[{"name":"wp","href":"https:\/\/api.w.org\/{rel}","templated":true}]}}